{"id":11,"date":"2025-07-16T21:41:13","date_gmt":"2025-07-17T00:41:13","guid":{"rendered":"http:\/\/truly.local\/?page_id=11"},"modified":"2025-10-08T12:11:51","modified_gmt":"2025-10-08T15:11:51","slug":"truly","status":"publish","type":"page","link":"https:\/\/agencia.siteup.dev\/en\/truly\/","title":{"rendered":"Truly"},"content":{"rendered":"","protected":false},"excerpt":{"rendered":"","protected":false},"author":2,"featured_media":0,"parent":0,"menu_order":0,"comment_status":"closed","ping_status":"closed","template":"page-about.php","meta":{"_acf_changed":false,"inline_featured_image":false,"footnotes":""},"class_list":["post-11","page","type-page","status-publish","hentry"],"acf":[],"yoast_head":"<!-- This site is optimized with the Yoast SEO plugin v26.1.1 - https:\/\/yoast.com\/wordpress\/plugins\/seo\/ -->\n<title>Sobre N\u00f3s | Truly Comunica\u00e7\u00e3o<\/title>\n<meta name=\"description\" content=\"Saiba mais sobre a hist\u00f3ria, valores e equipe da Truly Comunica\u00e7\u00e3o, uma ag\u00eancia de PR comprometida com resultados e inova\u00e7\u00e3o.\" \/>\n<meta name=\"robots\" content=\"noindex, follow, max-snippet:-1, max-image-preview:large, max-video-preview:-1\" \/>\n<meta property=\"og:locale\" content=\"en_US\" \/>\n<meta property=\"og:type\" content=\"article\" \/>\n<meta property=\"og:title\" content=\"Sobre N\u00f3s | Truly Comunica\u00e7\u00e3o\" \/>\n<meta property=\"og:description\" content=\"Saiba mais sobre a hist\u00f3ria, valores e equipe da Truly Comunica\u00e7\u00e3o, uma ag\u00eancia de PR comprometida com resultados e inova\u00e7\u00e3o.\" \/>\n<meta property=\"og:url\" content=\"https:\/\/agencia.siteup.dev\/en\/truly\/\" \/>\n<meta property=\"og:site_name\" content=\"Truly\" \/>\n<meta property=\"article:modified_time\" content=\"2025-10-08T15:11:51+00:00\" \/>\n<meta property=\"og:image\" content=\"https:\/\/agencia.siteup.dev\/wp-content\/uploads\/2025\/09\/yost.png\" \/>\n\t<meta property=\"og:image:width\" content=\"1200\" \/>\n\t<meta property=\"og:image:height\" content=\"628\" \/>\n\t<meta property=\"og:image:type\" content=\"image\/png\" \/>\n<meta name=\"twitter:card\" content=\"summary_large_image\" \/>\n<script type=\"application\/ld+json\" class=\"yoast-schema-graph\">{\"@context\":\"https:\/\/schema.org\",\"@graph\":[{\"@type\":\"WebPage\",\"@id\":\"https:\/\/agencia.siteup.dev\/en\/truly\/\",\"url\":\"https:\/\/agencia.siteup.dev\/en\/truly\/\",\"name\":\"Sobre N\u00f3s | Truly Comunica\u00e7\u00e3o\",\"isPartOf\":{\"@id\":\"https:\/\/agencia.siteup.dev\/#website\"},\"datePublished\":\"2025-07-17T00:41:13+00:00\",\"dateModified\":\"2025-10-08T15:11:51+00:00\",\"description\":\"Saiba mais sobre a hist\u00f3ria, valores e equipe da Truly Comunica\u00e7\u00e3o, uma ag\u00eancia de PR comprometida com resultados e inova\u00e7\u00e3o.\",\"breadcrumb\":{\"@id\":\"https:\/\/agencia.siteup.dev\/en\/truly\/#breadcrumb\"},\"inLanguage\":\"en-US\",\"potentialAction\":[{\"@type\":\"ReadAction\",\"target\":[\"https:\/\/agencia.siteup.dev\/en\/truly\/\"]}]},{\"@type\":\"BreadcrumbList\",\"@id\":\"https:\/\/agencia.siteup.dev\/en\/truly\/#breadcrumb\",\"itemListElement\":[{\"@type\":\"ListItem\",\"position\":1,\"name\":\"In\u00edcio\",\"item\":\"https:\/\/agencia.siteup.dev\/\"},{\"@type\":\"ListItem\",\"position\":2,\"name\":\"Truly\"}]},{\"@type\":\"WebSite\",\"@id\":\"https:\/\/agencia.siteup.dev\/#website\",\"url\":\"https:\/\/agencia.siteup.dev\/\",\"name\":\"Ag\u00eancia de Comunica\u00e7\u00e3o | Truly Comunica\u00e7\u00e3o\",\"description\":\"Ag\u00eancia de Comunica\u00e7\u00e3o Corporativa focada em estrat\u00e9gias criativas e resultados reais. Conhe\u00e7a a Truly Comunica\u00e7\u00e3o e eleve sua marca.\",\"publisher\":{\"@id\":\"https:\/\/agencia.siteup.dev\/#organization\"},\"potentialAction\":[{\"@type\":\"SearchAction\",\"target\":{\"@type\":\"EntryPoint\",\"urlTemplate\":\"https:\/\/agencia.siteup.dev\/?s={search_term_string}\"},\"query-input\":{\"@type\":\"PropertyValueSpecification\",\"valueRequired\":true,\"valueName\":\"search_term_string\"}}],\"inLanguage\":\"en-US\"},{\"@type\":\"Organization\",\"@id\":\"https:\/\/agencia.siteup.dev\/#organization\",\"name\":\"Ag\u00eancia de Comunica\u00e7\u00e3o | Truly Comunica\u00e7\u00e3o\",\"url\":\"https:\/\/agencia.siteup.dev\/\",\"logo\":{\"@type\":\"ImageObject\",\"inLanguage\":\"en-US\",\"@id\":\"https:\/\/agencia.siteup.dev\/#\/schema\/logo\/image\/\",\"url\":\"https:\/\/agencia.siteup.dev\/wp-content\/uploads\/2025\/07\/logo.png\",\"contentUrl\":\"https:\/\/agencia.siteup.dev\/wp-content\/uploads\/2025\/07\/logo.png\",\"width\":225,\"height\":101,\"caption\":\"Ag\u00eancia de Comunica\u00e7\u00e3o | Truly Comunica\u00e7\u00e3o\"},\"image\":{\"@id\":\"https:\/\/agencia.siteup.dev\/#\/schema\/logo\/image\/\"}}]}<\/script>\n<!-- \/ Yoast SEO plugin. -->","yoast_head_json":{"title":"Sobre N\u00f3s | Truly Comunica\u00e7\u00e3o","description":"Saiba mais sobre a hist\u00f3ria, valores e equipe da Truly Comunica\u00e7\u00e3o, uma ag\u00eancia de PR comprometida com resultados e inova\u00e7\u00e3o.","robots":{"index":"noindex","follow":"follow","max-snippet":"max-snippet:-1","max-image-preview":"max-image-preview:large","max-video-preview":"max-video-preview:-1"},"og_locale":"en_US","og_type":"article","og_title":"Sobre N\u00f3s | Truly Comunica\u00e7\u00e3o","og_description":"Saiba mais sobre a hist\u00f3ria, valores e equipe da Truly Comunica\u00e7\u00e3o, uma ag\u00eancia de PR comprometida com resultados e inova\u00e7\u00e3o.","og_url":"https:\/\/agencia.siteup.dev\/en\/truly\/","og_site_name":"Truly","article_modified_time":"2025-10-08T15:11:51+00:00","og_image":[{"width":1200,"height":628,"url":"https:\/\/agencia.siteup.dev\/wp-content\/uploads\/2025\/09\/yost.png","type":"image\/png"}],"twitter_card":"summary_large_image","schema":{"@context":"https:\/\/schema.org","@graph":[{"@type":"WebPage","@id":"https:\/\/agencia.siteup.dev\/en\/truly\/","url":"https:\/\/agencia.siteup.dev\/en\/truly\/","name":"Sobre N\u00f3s | Truly Comunica\u00e7\u00e3o","isPartOf":{"@id":"https:\/\/agencia.siteup.dev\/#website"},"datePublished":"2025-07-17T00:41:13+00:00","dateModified":"2025-10-08T15:11:51+00:00","description":"Saiba mais sobre a hist\u00f3ria, valores e equipe da Truly Comunica\u00e7\u00e3o, uma ag\u00eancia de PR comprometida com resultados e inova\u00e7\u00e3o.","breadcrumb":{"@id":"https:\/\/agencia.siteup.dev\/en\/truly\/#breadcrumb"},"inLanguage":"en-US","potentialAction":[{"@type":"ReadAction","target":["https:\/\/agencia.siteup.dev\/en\/truly\/"]}]},{"@type":"BreadcrumbList","@id":"https:\/\/agencia.siteup.dev\/en\/truly\/#breadcrumb","itemListElement":[{"@type":"ListItem","position":1,"name":"In\u00edcio","item":"https:\/\/agencia.siteup.dev\/"},{"@type":"ListItem","position":2,"name":"Truly"}]},{"@type":"WebSite","@id":"https:\/\/agencia.siteup.dev\/#website","url":"https:\/\/agencia.siteup.dev\/","name":"Ag\u00eancia de Comunica\u00e7\u00e3o | Truly Comunica\u00e7\u00e3o","description":"Ag\u00eancia de Comunica\u00e7\u00e3o Corporativa focada em estrat\u00e9gias criativas e resultados reais. Conhe\u00e7a a Truly Comunica\u00e7\u00e3o e eleve sua marca.","publisher":{"@id":"https:\/\/agencia.siteup.dev\/#organization"},"potentialAction":[{"@type":"SearchAction","target":{"@type":"EntryPoint","urlTemplate":"https:\/\/agencia.siteup.dev\/?s={search_term_string}"},"query-input":{"@type":"PropertyValueSpecification","valueRequired":true,"valueName":"search_term_string"}}],"inLanguage":"en-US"},{"@type":"Organization","@id":"https:\/\/agencia.siteup.dev\/#organization","name":"Ag\u00eancia de Comunica\u00e7\u00e3o | Truly Comunica\u00e7\u00e3o","url":"https:\/\/agencia.siteup.dev\/","logo":{"@type":"ImageObject","inLanguage":"en-US","@id":"https:\/\/agencia.siteup.dev\/#\/schema\/logo\/image\/","url":"https:\/\/agencia.siteup.dev\/wp-content\/uploads\/2025\/07\/logo.png","contentUrl":"https:\/\/agencia.siteup.dev\/wp-content\/uploads\/2025\/07\/logo.png","width":225,"height":101,"caption":"Ag\u00eancia de Comunica\u00e7\u00e3o | Truly Comunica\u00e7\u00e3o"},"image":{"@id":"https:\/\/agencia.siteup.dev\/#\/schema\/logo\/image\/"}}]}},"_links":{"self":[{"href":"https:\/\/agencia.siteup.dev\/en\/wp-json\/wp\/v2\/pages\/11","targetHints":{"allow":["GET"]}}],"collection":[{"href":"https:\/\/agencia.siteup.dev\/en\/wp-json\/wp\/v2\/pages"}],"about":[{"href":"https:\/\/agencia.siteup.dev\/en\/wp-json\/wp\/v2\/types\/page"}],"author":[{"embeddable":true,"href":"https:\/\/agencia.siteup.dev\/en\/wp-json\/wp\/v2\/users\/2"}],"replies":[{"embeddable":true,"href":"https:\/\/agencia.siteup.dev\/en\/wp-json\/wp\/v2\/comments?post=11"}],"version-history":[{"count":11,"href":"https:\/\/agencia.siteup.dev\/en\/wp-json\/wp\/v2\/pages\/11\/revisions"}],"predecessor-version":[{"id":749,"href":"https:\/\/agencia.siteup.dev\/en\/wp-json\/wp\/v2\/pages\/11\/revisions\/749"}],"wp:attachment":[{"href":"https:\/\/agencia.siteup.dev\/en\/wp-json\/wp\/v2\/media?parent=11"}],"curies":[{"name":"wp","href":"https:\/\/api.w.org\/{rel}","templated":true}]}}